{"id":50562,"date":"2025-01-16T12:39:07","date_gmt":"2025-01-16T11:39:07","guid":{"rendered":"https:\/\/pal-robotics.com\/brand-guide\/"},"modified":"2025-09-25T10:45:18","modified_gmt":"2025-09-25T08:45:18","slug":"guia-marca-logotipo","status":"publish","type":"page","link":"https:\/\/pal-robotics.com\/es\/guia-marca-logotipo\/","title":{"rendered":"Logo Usage"},"content":{"rendered":"<p>\u00a1Bienvenido! Esta p\u00e1gina est\u00e1 pensada para ayudarte a descargar nuestros logotipos oficiales y entender c\u00f3mo utilizarlos correctamente.<\/p>\n<h3 id=\"logo\">Logo<\/h3>\n<div class=\"column\">\n<p>Nuestro logotipo representa a PAL Robotics y queremos que se vea impecable en cualquier lugar donde aparezca. Para garantizar la coherencia, utiliza \u00fanicamente las versiones oficiales disponibles para su descarga aqu\u00ed. Evita modificarlo, deformarlo o cambiar sus colores. En caso de duda, utiliza siempre los archivos proporcionados.<\/p>\n<\/div>\n<p><a href=\"https:\/\/pal-robotics.com\/wp-content\/uploads\/2025\/01\/PAL-Robotics-logo-library-guidelines.zip\">Descargar nuestra biblioteca de logotipos<\/a> (PNG, SVG &amp; EPS)<\/p>\n<div>\n<div class=\"page\" title=\"Page 6\">\n<div class=\"layoutArea\">\n<div class=\"column\">\n<div class=\"fusion-text fusion-text-2\">\n<div class=\"cli_pg_page_contaner\">\n<div><img loading=\"lazy\" decoding=\"async\" class=\"alignnone wp-image-15882\" src=\"https:\/\/pal-robotics.com\/wp-content\/uploads\/2024\/07\/PAL-logo-I-730x468.webp\" alt=\"\" width=\"920\" height=\"590\" srcset=\"https:\/\/pal-robotics.com\/wp-content\/uploads\/2024\/07\/PAL-logo-I-730x468.webp 730w, https:\/\/pal-robotics.com\/wp-content\/uploads\/2024\/07\/PAL-logo-I-1110x712.webp 1110w, https:\/\/pal-robotics.com\/wp-content\/uploads\/2024\/07\/PAL-logo-I-150x96.webp 150w, https:\/\/pal-robotics.com\/wp-content\/uploads\/2024\/07\/PAL-logo-I-768x492.webp 768w, https:\/\/pal-robotics.com\/wp-content\/uploads\/2024\/07\/PAL-logo-I-600x385.webp 600w, https:\/\/pal-robotics.com\/wp-content\/uploads\/2024\/07\/PAL-logo-I.webp 1159w\" sizes=\"auto, (max-width: 920px) 100vw, 920px\" \/><\/div>\n<\/div>\n<\/div>\n<p><img loading=\"lazy\" decoding=\"async\" class=\"alignnone wp-image-15884\" src=\"https:\/\/pal-robotics.com\/wp-content\/uploads\/2024\/07\/PAL-logo-730x468.webp\" alt=\"\" width=\"920\" height=\"590\" srcset=\"https:\/\/pal-robotics.com\/wp-content\/uploads\/2024\/07\/PAL-logo-730x468.webp 730w, https:\/\/pal-robotics.com\/wp-content\/uploads\/2024\/07\/PAL-logo-1110x711.webp 1110w, https:\/\/pal-robotics.com\/wp-content\/uploads\/2024\/07\/PAL-logo-150x96.webp 150w, https:\/\/pal-robotics.com\/wp-content\/uploads\/2024\/07\/PAL-logo-768x492.webp 768w, https:\/\/pal-robotics.com\/wp-content\/uploads\/2024\/07\/PAL-logo-600x384.webp 600w, https:\/\/pal-robotics.com\/wp-content\/uploads\/2024\/07\/PAL-logo.webp 1161w\" sizes=\"auto, (max-width: 920px) 100vw, 920px\" \/><\/p>\n<\/div>\n<\/div>\n<\/div>\n<h3 id=\"background-compatibility\" class=\"fusion-responsive-typography-calculated\" data-fontsize=\"24\" data-lineheight=\"27.6px\"><strong>Compatibilidad con fondos<\/strong><\/h3>\n<p>Elige la versi\u00f3n de logotipo adecuada seg\u00fan el fondo.<\/p>\n<div>\n<div class=\"page\" title=\"Page 6\">\n<div class=\"layoutArea\">\n<div class=\"column\">\n<div><img loading=\"lazy\" decoding=\"async\" class=\"alignnone size-medium wp-image-16465\" src=\"https:\/\/pal-robotics.com\/wp-content\/uploads\/2024\/09\/Pal-logo-usage-730x416.webp\" alt=\"\" width=\"730\" height=\"416\" srcset=\"https:\/\/pal-robotics.com\/wp-content\/uploads\/2024\/09\/Pal-logo-usage-730x416.webp 730w, https:\/\/pal-robotics.com\/wp-content\/uploads\/2024\/09\/Pal-logo-usage-1110x632.webp 1110w, https:\/\/pal-robotics.com\/wp-content\/uploads\/2024\/09\/Pal-logo-usage-150x85.webp 150w, https:\/\/pal-robotics.com\/wp-content\/uploads\/2024\/09\/Pal-logo-usage-768x437.webp 768w, https:\/\/pal-robotics.com\/wp-content\/uploads\/2024\/09\/Pal-logo-usage-600x342.webp 600w, https:\/\/pal-robotics.com\/wp-content\/uploads\/2024\/09\/Pal-logo-usage.webp 1152w\" sizes=\"auto, (max-width: 730px) 100vw, 730px\" \/><\/div>\n<p>&nbsp;<\/p>\n<p>Versi\u00f3n blanca:<\/p>\n<ul>\n<li>Fondo oscuro<\/li>\n<li>Fondo de color s\u00f3lido<\/li>\n<li>Fondo con muchos colores<\/li>\n<\/ul>\n<p>Versi\u00f3n Midnight:<\/p>\n<ul>\n<li>Fondo claro s\u00f3lido (hasta un 20%)<\/li>\n<li>Fondo fotogr\u00e1fico claro<\/li>\n<\/ul>\n<p>Versi\u00f3n Peach:<\/p>\n<ul>\n<li>Fondo claro s\u00f3lido (hasta un 20%)<\/li>\n<li>Fondo fotogr\u00e1fico claro<\/li>\n<\/ul>\n<\/div>\n<\/div>\n<\/div>\n<\/div>\n<p>Colores<\/p>\n<div class=\"column\">\n<p>Nuestros colores de marca ayudan a crear una identidad visual coherente y reconocible. Tenemos colores primarios que definen nuestra identidad y colores secundarios que los complementan.<\/p>\n<\/div>\n<div>\n<div class=\"page\" title=\"Page 6\">\n<div class=\"layoutArea\">\n<div class=\"column\">\n<p><strong>Colores primarios<\/strong> Nuestros colores principales definen la esencia de PAL Robotics: Peach y Midnight, y deben utilizarse de forma coherente en los materiales clave de la marca para asegurar reconocimiento y consistencia.<\/p>\n<p><img loading=\"lazy\" decoding=\"async\" class=\"alignnone wp-image-45903 size-medium\" src=\"https:\/\/pal-robotics.com\/wp-content\/uploads\/2025\/01\/primary-730x183.webp\" alt=\"\" width=\"730\" height=\"183\" srcset=\"https:\/\/pal-robotics.com\/wp-content\/uploads\/2025\/01\/primary-730x183.webp 730w, https:\/\/pal-robotics.com\/wp-content\/uploads\/2025\/01\/primary-1110x279.webp 1110w, https:\/\/pal-robotics.com\/wp-content\/uploads\/2025\/01\/primary-150x38.webp 150w, https:\/\/pal-robotics.com\/wp-content\/uploads\/2025\/01\/primary-768x193.webp 768w, https:\/\/pal-robotics.com\/wp-content\/uploads\/2025\/01\/primary-1536x386.webp 1536w, https:\/\/pal-robotics.com\/wp-content\/uploads\/2025\/01\/primary-600x151.webp 600w, https:\/\/pal-robotics.com\/wp-content\/uploads\/2025\/01\/primary.webp 1592w\" sizes=\"auto, (max-width: 730px) 100vw, 730px\" \/><\/p>\n<p><strong>Colores secundarios<\/strong><\/p>\n<p>Estos complementan la paleta principal y aportan flexibilidad para diferentes necesidades de dise\u00f1o. Pueden usarse para a\u00f1adir profundidad y variaci\u00f3n manteniendo una experiencia de marca coherente.<\/p>\n<p><img loading=\"lazy\" decoding=\"async\" class=\"alignnone wp-image-45905 size-medium\" src=\"https:\/\/pal-robotics.com\/wp-content\/uploads\/2025\/01\/secondary-730x184.webp\" alt=\"\" width=\"730\" height=\"184\" srcset=\"https:\/\/pal-robotics.com\/wp-content\/uploads\/2025\/01\/secondary-730x184.webp 730w, https:\/\/pal-robotics.com\/wp-content\/uploads\/2025\/01\/secondary-1110x280.webp 1110w, https:\/\/pal-robotics.com\/wp-content\/uploads\/2025\/01\/secondary-150x38.webp 150w, https:\/\/pal-robotics.com\/wp-content\/uploads\/2025\/01\/secondary-768x193.webp 768w, https:\/\/pal-robotics.com\/wp-content\/uploads\/2025\/01\/secondary-1536x387.webp 1536w, https:\/\/pal-robotics.com\/wp-content\/uploads\/2025\/01\/secondary-600x151.webp 600w, https:\/\/pal-robotics.com\/wp-content\/uploads\/2025\/01\/secondary.webp 1592w\" sizes=\"auto, (max-width: 730px) 100vw, 730px\" \/><\/p>\n<h5><strong>Tabla de colores<\/strong><\/h5>\n<table>\n<tbody>\n<tr>\n<th>Colores<\/th>\n<th>Web<\/th>\n<th>Pantone<\/th>\n<th>RGB<\/th>\n<th>CMYK<\/th>\n<\/tr>\n<tr>\n<td>Peach<\/td>\n<td>#FFA77C<\/td>\n<td>163 C<\/td>\n<td>249 \/ 166 \/ 125<\/td>\n<td>0 \/ 42 \/ 51 \/ 0<\/td>\n<\/tr>\n<tr>\n<td>Midnight<\/td>\n<td>#122930<\/td>\n<td>546 C<\/td>\n<td>18 \/ 41 \/ 48<\/td>\n<td>87 \/ 66 \/ 59 \/ 63<\/td>\n<\/tr>\n<tr>\n<td>Gris fr\u00edo<\/td>\n<td>#F8F9FA<\/td>\n<td>Cool Gray 1 C<\/td>\n<td>248 \/ 249 \/ 250<\/td>\n<td>3 \/ 2 \/ 2 \/ 0<\/td>\n<\/tr>\n<tr>\n<td>Geranio<\/td>\n<td>#ff576b<\/td>\n<td>1777 C<\/td>\n<td>255 \/ 87 \/ 107<\/td>\n<td>0 \/ 66 \/ 58 \/ 0<\/td>\n<\/tr>\n<tr>\n<td>Futuro<\/td>\n<td>#9980ff<\/td>\n<td>265 C<\/td>\n<td>153 \/ 128 \/ 255<\/td>\n<td>40 \/ 50 \/ 0 \/ 0<\/td>\n<\/tr>\n<tr>\n<td>Libertad<\/td>\n<td>#4fc4ad<\/td>\n<td>3258 C<\/td>\n<td>79 \/ 196 \/ 173<\/td>\n<td>60 \/ 0 \/ 12 \/ 23<\/td>\n<\/tr>\n<\/tbody>\n<\/table>\n<div>\n<div class=\"page\" title=\"Page 6\">\n<div class=\"layoutArea\">\n<div class=\"column\">\n<p>No dudes en utilizar estos recursos para mantener una imagen clara y alineada con la marca.<\/p>\n<p><strong>Despu\u00e9s de todo, \u00a1incluso los robots necesitan el c\u00f3digo correcto para funcionar sin problemas!<\/strong><\/p>\n<\/div>\n<\/div>\n<\/div>\n<\/div>\n<\/div>\n<\/div>\n<\/div>\n<\/div>\n<\/div>\n","protected":false},"excerpt":{"rendered":"<p>\u00a1Bienvenido! Esta p\u00e1gina est\u00e1 pensada para ayudarte a descargar nuestros logotipos oficiales y entender c\u00f3mo utilizarlos correctamente. Logo Nuestro logotipo representa a PAL Robotics y queremos que se vea impecable [&hellip;]<\/p>\n","protected":false},"author":5,"featured_media":0,"parent":0,"menu_order":0,"comment_status":"closed","ping_status":"closed","template":"page-legal.php","meta":{"_acf_changed":false,"content-type":"","footnotes":""},"class_list":["post-50562","page","type-page","status-publish","hentry"],"acf":[],"yoast_head":"<!-- This site is optimized with the Yoast SEO plugin v26.8 - https:\/\/yoast.com\/product\/yoast-seo-wordpress\/ -->\n<title>Gu\u00eda de marca y uso del logotipo | PAL Robotics<\/title>\n<meta name=\"description\" content=\"Descarga los logotipos oficiales de PAL Robotics y aprende a utilizarlos correctamente. Directrices sobre versiones, colores y coherencia de marca.\" \/>\n<meta name=\"robots\" content=\"index, follow, max-snippet:-1, max-image-preview:large, max-video-preview:-1\" \/>\n<link rel=\"canonical\" href=\"https:\/\/pal-robotics.com\/es\/guia-marca-logotipo\/\" \/>\n<meta property=\"og:locale\" content=\"es_ES\" \/>\n<meta property=\"og:type\" content=\"article\" \/>\n<meta property=\"og:title\" content=\"Gu\u00eda de marca y uso del logotipo | PAL Robotics\" \/>\n<meta property=\"og:description\" content=\"Descarga los logotipos oficiales de PAL Robotics y aprende a utilizarlos correctamente. Directrices sobre versiones, colores y coherencia de marca.\" \/>\n<meta property=\"og:url\" content=\"https:\/\/pal-robotics.com\/es\/guia-marca-logotipo\/\" \/>\n<meta property=\"og:site_name\" content=\"PAL Robotics: Leading company in service robotics\" \/>\n<meta property=\"article:publisher\" content=\"https:\/\/www.facebook.com\/palrobotics\" \/>\n<meta property=\"article:modified_time\" content=\"2025-09-25T08:45:18+00:00\" \/>\n<meta property=\"og:image\" content=\"https:\/\/pal-robotics.com\/wp-content\/uploads\/2024\/07\/PAL-logo-I-730x468.webp\" \/>\n<meta name=\"twitter:card\" content=\"summary_large_image\" \/>\n<meta name=\"twitter:site\" content=\"@PALRobotics\" \/>\n<meta name=\"twitter:label1\" content=\"Tiempo de lectura\" \/>\n\t<meta name=\"twitter:data1\" content=\"3 minutos\" \/>\n<script type=\"application\/ld+json\" class=\"yoast-schema-graph\">{\"@context\":\"https:\/\/schema.org\",\"@graph\":[{\"@type\":\"WebPage\",\"@id\":\"https:\/\/pal-robotics.com\/es\/guia-marca-logotipo\/\",\"url\":\"https:\/\/pal-robotics.com\/es\/guia-marca-logotipo\/\",\"name\":\"Gu\u00eda de marca y uso del logotipo | PAL Robotics\",\"isPartOf\":{\"@id\":\"https:\/\/pal-robotics.com\/es\/#website\"},\"primaryImageOfPage\":{\"@id\":\"https:\/\/pal-robotics.com\/es\/guia-marca-logotipo\/#primaryimage\"},\"image\":{\"@id\":\"https:\/\/pal-robotics.com\/es\/guia-marca-logotipo\/#primaryimage\"},\"thumbnailUrl\":\"https:\/\/pal-robotics.com\/wp-content\/uploads\/2024\/07\/PAL-logo-I-730x468.webp\",\"datePublished\":\"2025-01-16T11:39:07+00:00\",\"dateModified\":\"2025-09-25T08:45:18+00:00\",\"description\":\"Descarga los logotipos oficiales de PAL Robotics y aprende a utilizarlos correctamente. Directrices sobre versiones, colores y coherencia de marca.\",\"breadcrumb\":{\"@id\":\"https:\/\/pal-robotics.com\/es\/guia-marca-logotipo\/#breadcrumb\"},\"inLanguage\":\"es\",\"potentialAction\":[{\"@type\":\"ReadAction\",\"target\":[\"https:\/\/pal-robotics.com\/es\/guia-marca-logotipo\/\"]}]},{\"@type\":\"ImageObject\",\"inLanguage\":\"es\",\"@id\":\"https:\/\/pal-robotics.com\/es\/guia-marca-logotipo\/#primaryimage\",\"url\":\"https:\/\/pal-robotics.com\/wp-content\/uploads\/2024\/07\/PAL-logo-I-730x468.webp\",\"contentUrl\":\"https:\/\/pal-robotics.com\/wp-content\/uploads\/2024\/07\/PAL-logo-I-730x468.webp\"},{\"@type\":\"BreadcrumbList\",\"@id\":\"https:\/\/pal-robotics.com\/es\/guia-marca-logotipo\/#breadcrumb\",\"itemListElement\":[{\"@type\":\"ListItem\",\"position\":1,\"name\":\"Portada\",\"item\":\"https:\/\/pal-robotics.com\/es\/\"},{\"@type\":\"ListItem\",\"position\":2,\"name\":\"Logo Usage\"}]},{\"@type\":\"WebSite\",\"@id\":\"https:\/\/pal-robotics.com\/es\/#website\",\"url\":\"https:\/\/pal-robotics.com\/es\/\",\"name\":\"PAL Robotics: Leading company in service robotics\",\"description\":\"Leading company in service robotics\",\"publisher\":{\"@id\":\"https:\/\/pal-robotics.com\/es\/#organization\"},\"potentialAction\":[{\"@type\":\"SearchAction\",\"target\":{\"@type\":\"EntryPoint\",\"urlTemplate\":\"https:\/\/pal-robotics.com\/es\/?s={search_term_string}\"},\"query-input\":{\"@type\":\"PropertyValueSpecification\",\"valueRequired\":true,\"valueName\":\"search_term_string\"}}],\"inLanguage\":\"es\"},{\"@type\":\"Organization\",\"@id\":\"https:\/\/pal-robotics.com\/es\/#organization\",\"name\":\"PAL Robotics: Leading company in service robotics\",\"url\":\"https:\/\/pal-robotics.com\/es\/\",\"logo\":{\"@type\":\"ImageObject\",\"inLanguage\":\"es\",\"@id\":\"https:\/\/pal-robotics.com\/es\/#\/schema\/logo\/image\/\",\"url\":\"https:\/\/pal-robotics.com\/wp-content\/uploads\/2024\/02\/siganture_no-margins.png\",\"contentUrl\":\"https:\/\/pal-robotics.com\/wp-content\/uploads\/2024\/02\/siganture_no-margins.png\",\"width\":219,\"height\":59,\"caption\":\"PAL Robotics: Leading company in service robotics\"},\"image\":{\"@id\":\"https:\/\/pal-robotics.com\/es\/#\/schema\/logo\/image\/\"},\"sameAs\":[\"https:\/\/www.facebook.com\/palrobotics\",\"https:\/\/x.com\/PALRobotics\"]}]}<\/script>\n<!-- \/ Yoast SEO plugin. -->","yoast_head_json":{"title":"Gu\u00eda de marca y uso del logotipo | PAL Robotics","description":"Descarga los logotipos oficiales de PAL Robotics y aprende a utilizarlos correctamente. Directrices sobre versiones, colores y coherencia de marca.","robots":{"index":"index","follow":"follow","max-snippet":"max-snippet:-1","max-image-preview":"max-image-preview:large","max-video-preview":"max-video-preview:-1"},"canonical":"https:\/\/pal-robotics.com\/es\/guia-marca-logotipo\/","og_locale":"es_ES","og_type":"article","og_title":"Gu\u00eda de marca y uso del logotipo | PAL Robotics","og_description":"Descarga los logotipos oficiales de PAL Robotics y aprende a utilizarlos correctamente. Directrices sobre versiones, colores y coherencia de marca.","og_url":"https:\/\/pal-robotics.com\/es\/guia-marca-logotipo\/","og_site_name":"PAL Robotics: Leading company in service robotics","article_publisher":"https:\/\/www.facebook.com\/palrobotics","article_modified_time":"2025-09-25T08:45:18+00:00","og_image":[{"url":"https:\/\/pal-robotics.com\/wp-content\/uploads\/2024\/07\/PAL-logo-I-730x468.webp","type":"","width":"","height":""}],"twitter_card":"summary_large_image","twitter_site":"@PALRobotics","twitter_misc":{"Tiempo de lectura":"3 minutos"},"schema":{"@context":"https:\/\/schema.org","@graph":[{"@type":"WebPage","@id":"https:\/\/pal-robotics.com\/es\/guia-marca-logotipo\/","url":"https:\/\/pal-robotics.com\/es\/guia-marca-logotipo\/","name":"Gu\u00eda de marca y uso del logotipo | PAL Robotics","isPartOf":{"@id":"https:\/\/pal-robotics.com\/es\/#website"},"primaryImageOfPage":{"@id":"https:\/\/pal-robotics.com\/es\/guia-marca-logotipo\/#primaryimage"},"image":{"@id":"https:\/\/pal-robotics.com\/es\/guia-marca-logotipo\/#primaryimage"},"thumbnailUrl":"https:\/\/pal-robotics.com\/wp-content\/uploads\/2024\/07\/PAL-logo-I-730x468.webp","datePublished":"2025-01-16T11:39:07+00:00","dateModified":"2025-09-25T08:45:18+00:00","description":"Descarga los logotipos oficiales de PAL Robotics y aprende a utilizarlos correctamente. Directrices sobre versiones, colores y coherencia de marca.","breadcrumb":{"@id":"https:\/\/pal-robotics.com\/es\/guia-marca-logotipo\/#breadcrumb"},"inLanguage":"es","potentialAction":[{"@type":"ReadAction","target":["https:\/\/pal-robotics.com\/es\/guia-marca-logotipo\/"]}]},{"@type":"ImageObject","inLanguage":"es","@id":"https:\/\/pal-robotics.com\/es\/guia-marca-logotipo\/#primaryimage","url":"https:\/\/pal-robotics.com\/wp-content\/uploads\/2024\/07\/PAL-logo-I-730x468.webp","contentUrl":"https:\/\/pal-robotics.com\/wp-content\/uploads\/2024\/07\/PAL-logo-I-730x468.webp"},{"@type":"BreadcrumbList","@id":"https:\/\/pal-robotics.com\/es\/guia-marca-logotipo\/#breadcrumb","itemListElement":[{"@type":"ListItem","position":1,"name":"Portada","item":"https:\/\/pal-robotics.com\/es\/"},{"@type":"ListItem","position":2,"name":"Logo Usage"}]},{"@type":"WebSite","@id":"https:\/\/pal-robotics.com\/es\/#website","url":"https:\/\/pal-robotics.com\/es\/","name":"PAL Robotics: Leading company in service robotics","description":"Leading company in service robotics","publisher":{"@id":"https:\/\/pal-robotics.com\/es\/#organization"},"potentialAction":[{"@type":"SearchAction","target":{"@type":"EntryPoint","urlTemplate":"https:\/\/pal-robotics.com\/es\/?s={search_term_string}"},"query-input":{"@type":"PropertyValueSpecification","valueRequired":true,"valueName":"search_term_string"}}],"inLanguage":"es"},{"@type":"Organization","@id":"https:\/\/pal-robotics.com\/es\/#organization","name":"PAL Robotics: Leading company in service robotics","url":"https:\/\/pal-robotics.com\/es\/","logo":{"@type":"ImageObject","inLanguage":"es","@id":"https:\/\/pal-robotics.com\/es\/#\/schema\/logo\/image\/","url":"https:\/\/pal-robotics.com\/wp-content\/uploads\/2024\/02\/siganture_no-margins.png","contentUrl":"https:\/\/pal-robotics.com\/wp-content\/uploads\/2024\/02\/siganture_no-margins.png","width":219,"height":59,"caption":"PAL Robotics: Leading company in service robotics"},"image":{"@id":"https:\/\/pal-robotics.com\/es\/#\/schema\/logo\/image\/"},"sameAs":["https:\/\/www.facebook.com\/palrobotics","https:\/\/x.com\/PALRobotics"]}]}},"_links":{"self":[{"href":"https:\/\/pal-robotics.com\/es\/wp-json\/wp\/v2\/pages\/50562","targetHints":{"allow":["GET"]}}],"collection":[{"href":"https:\/\/pal-robotics.com\/es\/wp-json\/wp\/v2\/pages"}],"about":[{"href":"https:\/\/pal-robotics.com\/es\/wp-json\/wp\/v2\/types\/page"}],"author":[{"embeddable":true,"href":"https:\/\/pal-robotics.com\/es\/wp-json\/wp\/v2\/users\/5"}],"replies":[{"embeddable":true,"href":"https:\/\/pal-robotics.com\/es\/wp-json\/wp\/v2\/comments?post=50562"}],"version-history":[{"count":2,"href":"https:\/\/pal-robotics.com\/es\/wp-json\/wp\/v2\/pages\/50562\/revisions"}],"predecessor-version":[{"id":50574,"href":"https:\/\/pal-robotics.com\/es\/wp-json\/wp\/v2\/pages\/50562\/revisions\/50574"}],"wp:attachment":[{"href":"https:\/\/pal-robotics.com\/es\/wp-json\/wp\/v2\/media?parent=50562"}],"curies":[{"name":"wp","href":"https:\/\/api.w.org\/{rel}","templated":true}]}}