{"id":15474,"date":"2024-03-04T14:12:32","date_gmt":"2024-03-04T13:12:32","guid":{"rendered":"https:\/\/pal-robotics.com\/?page_id=15474"},"modified":"2025-09-01T17:19:38","modified_gmt":"2025-09-01T15:19:38","slug":"blog","status":"publish","type":"page","link":"https:\/\/pal-robotics.com\/es\/blog\/","title":{"rendered":"Blog"},"content":{"rendered":"<p>Bienvenido al blog de PAL Robotics, su destino definitivo para obtener informaci\u00f3n sobre robots de vanguardia, eventos emocionantes y las \u00faltimas actualizaciones de la empresa. Explore el blog de PAL Robotics para descubrir el futuro de la rob\u00f3tica, desde los innovadores modelos de robots hasta los avances tecnol\u00f3gicos que impulsan sus capacidades.<\/p>\n<p>Sum\u00e9rjase en art\u00edculos detallados sobre robots espec\u00edficos y su integraci\u00f3n de IA, navegaci\u00f3n aut\u00f3noma y dise\u00f1os humanoides. Mant\u00e9ngase informado con nuestros an\u00e1lisis en profundidad y las perspectivas de expertos sobre c\u00f3mo PAL Robotics est\u00e1 dando forma al sector.<\/p>\n<p>Sienta el pulso de PAL Robotics a trav\u00e9s de res\u00famenes de eventos pasados y anuncios de pr\u00f3ximas exposiciones y conferencias. Mant\u00e9ngase a la vanguardia con informaci\u00f3n privilegiada sobre hacia d\u00f3nde se dirige PAL Robotics y c\u00f3mo nuestros robots est\u00e1n revolucionando diversas industrias en todo el mundo.<\/p>\n<p>Mant\u00e9ngase al d\u00eda con las actualizaciones de la empresa PAL Robotics, con noticias, logros e hitos significativos. Desde el lanzamiento de nuevos productos hasta asociaciones revolucionarias, nuestro blog ofrece una mirada exclusiva entre bastidores.<\/p>\n<p>\u00danase a nosotros en este viaje de innovaci\u00f3n y descubrimiento. Suscr\u00edbase al blog de PAL Robotics para recibir las \u00faltimas actualizaciones directamente en su bandeja de entrada. S\u00edganos en las redes sociales y participe en nuestra vibrante comunidad para compartir sus opiniones sobre el futuro de la rob\u00f3tica.<\/p>\n<p>Explore, aprenda e innove con PAL Robotics Blog. Bienvenido a la vanguardia de los avances rob\u00f3ticos<\/p>\n","protected":false},"excerpt":{"rendered":"<p>Bienvenido al blog de PAL Robotics, su destino definitivo para obtener informaci\u00f3n sobre robots de vanguardia, eventos emocionantes y las \u00faltimas actualizaciones de la empresa. Explore el blog de PAL [&hellip;]<\/p>\n","protected":false},"author":5,"featured_media":0,"parent":0,"menu_order":0,"comment_status":"closed","ping_status":"closed","template":"page-blog.php","meta":{"_acf_changed":false,"content-type":"","footnotes":""},"class_list":["post-15474","page","type-page","status-publish","hentry"],"acf":[],"yoast_head":"<!-- This site is optimized with the Yoast SEO plugin v26.8 - https:\/\/yoast.com\/product\/yoast-seo-wordpress\/ -->\n<title>Blog - PAL Robotics: Leading company in service robotics<\/title>\n<meta name=\"robots\" content=\"index, follow, max-snippet:-1, max-image-preview:large, max-video-preview:-1\" \/>\n<link rel=\"canonical\" href=\"https:\/\/pal-robotics.com\/es\/blog\/\" \/>\n<meta property=\"og:locale\" content=\"es_ES\" \/>\n<meta property=\"og:type\" content=\"article\" \/>\n<meta property=\"og:title\" content=\"Blog - PAL Robotics: Leading company in service robotics\" \/>\n<meta property=\"og:description\" content=\"Bienvenido al blog de PAL Robotics, su destino definitivo para obtener informaci\u00f3n sobre robots de vanguardia, eventos emocionantes y las \u00faltimas actualizaciones de la empresa. Explore el blog de PAL [&hellip;]\" \/>\n<meta property=\"og:url\" content=\"https:\/\/pal-robotics.com\/es\/blog\/\" \/>\n<meta property=\"og:site_name\" content=\"PAL Robotics: Leading company in service robotics\" \/>\n<meta property=\"article:publisher\" content=\"https:\/\/www.facebook.com\/palrobotics\" \/>\n<meta property=\"article:modified_time\" content=\"2025-09-01T15:19:38+00:00\" \/>\n<meta name=\"twitter:card\" content=\"summary_large_image\" \/>\n<meta name=\"twitter:site\" content=\"@PALRobotics\" \/>\n<meta name=\"twitter:label1\" content=\"Tiempo de lectura\" \/>\n\t<meta name=\"twitter:data1\" content=\"1 minuto\" \/>\n<script type=\"application\/ld+json\" class=\"yoast-schema-graph\">{\"@context\":\"https:\/\/schema.org\",\"@graph\":[{\"@type\":\"WebPage\",\"@id\":\"https:\/\/pal-robotics.com\/es\/blog\/\",\"url\":\"https:\/\/pal-robotics.com\/es\/blog\/\",\"name\":\"Blog - PAL Robotics: Leading company in service robotics\",\"isPartOf\":{\"@id\":\"https:\/\/pal-robotics.com\/es\/#website\"},\"datePublished\":\"2024-03-04T13:12:32+00:00\",\"dateModified\":\"2025-09-01T15:19:38+00:00\",\"breadcrumb\":{\"@id\":\"https:\/\/pal-robotics.com\/es\/blog\/#breadcrumb\"},\"inLanguage\":\"es\",\"potentialAction\":[{\"@type\":\"ReadAction\",\"target\":[\"https:\/\/pal-robotics.com\/es\/blog\/\"]}]},{\"@type\":\"BreadcrumbList\",\"@id\":\"https:\/\/pal-robotics.com\/es\/blog\/#breadcrumb\",\"itemListElement\":[{\"@type\":\"ListItem\",\"position\":1,\"name\":\"Portada\",\"item\":\"https:\/\/pal-robotics.com\/es\/\"},{\"@type\":\"ListItem\",\"position\":2,\"name\":\"Blog\"}]},{\"@type\":\"WebSite\",\"@id\":\"https:\/\/pal-robotics.com\/es\/#website\",\"url\":\"https:\/\/pal-robotics.com\/es\/\",\"name\":\"PAL Robotics: Leading company in service robotics\",\"description\":\"Leading company in service robotics\",\"publisher\":{\"@id\":\"https:\/\/pal-robotics.com\/es\/#organization\"},\"potentialAction\":[{\"@type\":\"SearchAction\",\"target\":{\"@type\":\"EntryPoint\",\"urlTemplate\":\"https:\/\/pal-robotics.com\/es\/?s={search_term_string}\"},\"query-input\":{\"@type\":\"PropertyValueSpecification\",\"valueRequired\":true,\"valueName\":\"search_term_string\"}}],\"inLanguage\":\"es\"},{\"@type\":\"Organization\",\"@id\":\"https:\/\/pal-robotics.com\/es\/#organization\",\"name\":\"PAL Robotics: Leading company in service robotics\",\"url\":\"https:\/\/pal-robotics.com\/es\/\",\"logo\":{\"@type\":\"ImageObject\",\"inLanguage\":\"es\",\"@id\":\"https:\/\/pal-robotics.com\/es\/#\/schema\/logo\/image\/\",\"url\":\"https:\/\/pal-robotics.com\/wp-content\/uploads\/2024\/02\/siganture_no-margins.png\",\"contentUrl\":\"https:\/\/pal-robotics.com\/wp-content\/uploads\/2024\/02\/siganture_no-margins.png\",\"width\":219,\"height\":59,\"caption\":\"PAL Robotics: Leading company in service robotics\"},\"image\":{\"@id\":\"https:\/\/pal-robotics.com\/es\/#\/schema\/logo\/image\/\"},\"sameAs\":[\"https:\/\/www.facebook.com\/palrobotics\",\"https:\/\/x.com\/PALRobotics\"]}]}<\/script>\n<!-- \/ Yoast SEO plugin. -->","yoast_head_json":{"title":"Blog - PAL Robotics: Leading company in service robotics","robots":{"index":"index","follow":"follow","max-snippet":"max-snippet:-1","max-image-preview":"max-image-preview:large","max-video-preview":"max-video-preview:-1"},"canonical":"https:\/\/pal-robotics.com\/es\/blog\/","og_locale":"es_ES","og_type":"article","og_title":"Blog - PAL Robotics: Leading company in service robotics","og_description":"Bienvenido al blog de PAL Robotics, su destino definitivo para obtener informaci\u00f3n sobre robots de vanguardia, eventos emocionantes y las \u00faltimas actualizaciones de la empresa. Explore el blog de PAL [&hellip;]","og_url":"https:\/\/pal-robotics.com\/es\/blog\/","og_site_name":"PAL Robotics: Leading company in service robotics","article_publisher":"https:\/\/www.facebook.com\/palrobotics","article_modified_time":"2025-09-01T15:19:38+00:00","twitter_card":"summary_large_image","twitter_site":"@PALRobotics","twitter_misc":{"Tiempo de lectura":"1 minuto"},"schema":{"@context":"https:\/\/schema.org","@graph":[{"@type":"WebPage","@id":"https:\/\/pal-robotics.com\/es\/blog\/","url":"https:\/\/pal-robotics.com\/es\/blog\/","name":"Blog - PAL Robotics: Leading company in service robotics","isPartOf":{"@id":"https:\/\/pal-robotics.com\/es\/#website"},"datePublished":"2024-03-04T13:12:32+00:00","dateModified":"2025-09-01T15:19:38+00:00","breadcrumb":{"@id":"https:\/\/pal-robotics.com\/es\/blog\/#breadcrumb"},"inLanguage":"es","potentialAction":[{"@type":"ReadAction","target":["https:\/\/pal-robotics.com\/es\/blog\/"]}]},{"@type":"BreadcrumbList","@id":"https:\/\/pal-robotics.com\/es\/blog\/#breadcrumb","itemListElement":[{"@type":"ListItem","position":1,"name":"Portada","item":"https:\/\/pal-robotics.com\/es\/"},{"@type":"ListItem","position":2,"name":"Blog"}]},{"@type":"WebSite","@id":"https:\/\/pal-robotics.com\/es\/#website","url":"https:\/\/pal-robotics.com\/es\/","name":"PAL Robotics: Leading company in service robotics","description":"Leading company in service robotics","publisher":{"@id":"https:\/\/pal-robotics.com\/es\/#organization"},"potentialAction":[{"@type":"SearchAction","target":{"@type":"EntryPoint","urlTemplate":"https:\/\/pal-robotics.com\/es\/?s={search_term_string}"},"query-input":{"@type":"PropertyValueSpecification","valueRequired":true,"valueName":"search_term_string"}}],"inLanguage":"es"},{"@type":"Organization","@id":"https:\/\/pal-robotics.com\/es\/#organization","name":"PAL Robotics: Leading company in service robotics","url":"https:\/\/pal-robotics.com\/es\/","logo":{"@type":"ImageObject","inLanguage":"es","@id":"https:\/\/pal-robotics.com\/es\/#\/schema\/logo\/image\/","url":"https:\/\/pal-robotics.com\/wp-content\/uploads\/2024\/02\/siganture_no-margins.png","contentUrl":"https:\/\/pal-robotics.com\/wp-content\/uploads\/2024\/02\/siganture_no-margins.png","width":219,"height":59,"caption":"PAL Robotics: Leading company in service robotics"},"image":{"@id":"https:\/\/pal-robotics.com\/es\/#\/schema\/logo\/image\/"},"sameAs":["https:\/\/www.facebook.com\/palrobotics","https:\/\/x.com\/PALRobotics"]}]}},"_links":{"self":[{"href":"https:\/\/pal-robotics.com\/es\/wp-json\/wp\/v2\/pages\/15474","targetHints":{"allow":["GET"]}}],"collection":[{"href":"https:\/\/pal-robotics.com\/es\/wp-json\/wp\/v2\/pages"}],"about":[{"href":"https:\/\/pal-robotics.com\/es\/wp-json\/wp\/v2\/types\/page"}],"author":[{"embeddable":true,"href":"https:\/\/pal-robotics.com\/es\/wp-json\/wp\/v2\/users\/5"}],"replies":[{"embeddable":true,"href":"https:\/\/pal-robotics.com\/es\/wp-json\/wp\/v2\/comments?post=15474"}],"version-history":[{"count":1,"href":"https:\/\/pal-robotics.com\/es\/wp-json\/wp\/v2\/pages\/15474\/revisions"}],"predecessor-version":[{"id":15475,"href":"https:\/\/pal-robotics.com\/es\/wp-json\/wp\/v2\/pages\/15474\/revisions\/15475"}],"wp:attachment":[{"href":"https:\/\/pal-robotics.com\/es\/wp-json\/wp\/v2\/media?parent=15474"}],"curies":[{"name":"wp","href":"https:\/\/api.w.org\/{rel}","templated":true}]}}