{"id":11744,"date":"2024-02-23T14:05:57","date_gmt":"2024-02-23T13:05:57","guid":{"rendered":"https:\/\/pal-robotics.com\/privacy-policy-2\/"},"modified":"2025-09-25T11:35:02","modified_gmt":"2025-09-25T09:35:02","slug":"politica-privacidad","status":"publish","type":"page","link":"https:\/\/pal-robotics.com\/es\/politica-privacidad\/","title":{"rendered":"Pol\u00edtica de Privacidad"},"content":{"rendered":"<p>Como la protecci\u00f3n de sus datos es una cuesti\u00f3n de gran importancia para nosotros, queremos tomarnos el tiempo para informarle sobre qu\u00e9 datos utilizamos durante su visita y por qu\u00e9 los utilizamos. Si a\u00fan tiene preguntas sobre la forma en que trabajamos con sus datos personales, puede consultar a nuestro responsable de protecci\u00f3n de datos (datos de contacto a continuaci\u00f3n).<\/p>\n<h3>\u00bfQu\u00e9 son los datos personales?<\/h3>\n<p>El significado de \u00abdatos personales\u00bb se define en el Reglamento General de Protecci\u00f3n de Datos (RGPD). Seg\u00fan el nuevo reglamento, los datos personales incluyen toda la informaci\u00f3n que se refiere a una persona f\u00edsica identificada o identificable. Esto puede incluir, por ejemplo, su nombre leg\u00edtimo, su direcci\u00f3n, su n\u00famero de tel\u00e9fono o su fecha de nacimiento. Incluso la informaci\u00f3n sobre c\u00f3mo puede utilizar este u otros sitios web puede contener datos personales.<\/p>\n<h3>Base legal para la recopilaci\u00f3n y el procesamiento de datos personales<\/h3>\n<p>En cuanto tengamos su consentimiento para procesar datos personales, el art\u00edculo 6.1 (a) del RGPD sirve como base legal para procesar sus datos personales.<\/p>\n<p>Al procesar sus datos personales para ejecutar un contrato entre usted y PAL ROBOTICS SL., el art\u00edculo 6.1 (b) del RGPD sirve como base legal. Esto tambi\u00e9n se aplica a los procesos necesarios para llevar a cabo actividades precontractuales.<\/p>\n<p>Cuando se procesan datos personales para cumplir una obligaci\u00f3n legal a la que est\u00e1n sujetas nuestras empresas, el art\u00edculo 6.1 (c) del RGPD sirve como base legal.<\/p>\n<p>El art\u00edculo 6.1 (f) del RGPD proporciona la base legal para el procesamiento cuando el procesamiento es necesario para los fines de los intereses leg\u00edtimos perseguidos por nuestra empresa o por un tercero y cuando dichos intereses no se ven anulados por los intereses o los derechos y libertades fundamentales del interesado.<\/p>\n<h3>Conservaci\u00f3n de datos &#8211; duraci\u00f3n<\/h3>\n<p>Sus datos personales ser\u00e1n eliminados o el procesamiento ser\u00e1 restringido tan pronto como los datos hayan cumplido con el prop\u00f3sito para el que fueron almacenados. El almacenamiento de los datos m\u00e1s all\u00e1 de este plazo puede ser posible si as\u00ed lo estipulan los legisladores europeos o nacionales en directivas de la UE, leyes u otros reglamentos a los que est\u00e1 sujeto el responsable. Los datos ser\u00e1n eliminados o su procesamiento ser\u00e1 restringido cuando expire un plazo prescrito, a menos que sea necesario continuar almacen\u00e1ndolos para celebrar o ejecutar un contrato.<\/p>\n<h3>C\u00f3mo utilizamos la informaci\u00f3n que recopilamos<\/h3>\n<p>Utilizamos la informaci\u00f3n que recopilamos de diversas maneras para operar nuestro negocio, incluidas las siguientes:<\/p>\n<p><strong>1. Mejoras<\/strong><br \/>\nUtilizamos la informaci\u00f3n para comprender y analizar las tendencias y preferencias de uso de nuestros Visitantes y Usuarios, para mejorar el sitio web y para desarrollar nuevos productos, servicios, caracter\u00edsticas y funcionalidades. Si este prop\u00f3sito requiere que PAL Robotics procese Datos del Cliente, entonces los datos solo se utilizar\u00e1n en forma an\u00f3nima o agregada.<\/p>\n<p><strong>2. Comunicaciones<\/strong><br \/>\nPodemos utilizar la direcci\u00f3n de correo electr\u00f3nico de un Visitante o Usuario u otra informaci\u00f3n, que no sean Datos del Cliente, para comunicarnos con ese Visitante o Usuario con fines administrativos, como servicio al cliente u otros.<\/p>\n<p><strong>3. Cookies y tecnolog\u00edas de seguimiento<\/strong><br \/>\nUtilizamos informaci\u00f3n recopilada autom\u00e1ticamente y otra informaci\u00f3n recopilada en el sitio web a trav\u00e9s de cookies y tecnolog\u00edas similares para: (i) proporcionar contenido e informaci\u00f3n personalizados; (ii) monitorear y analizar la efectividad del Servicio y las actividades de marketing de terceros; (iii) monitorear m\u00e9tricas de uso agregadas del sitio, como la cantidad total de visitantes y p\u00e1ginas vistas; y (iv) realizar un seguimiento de sus entradas, env\u00edos y estado en cualquier promoci\u00f3n u otras actividades en el Servicio. Puede obtener m\u00e1s informaci\u00f3n sobre las cookies visitando http:\/\/www.allaboutcookies.org.<\/p>\n<p><strong>4. Anal\u00edtica<\/strong><br \/>\nUtilizamos Google Analytics para medir y evaluar el acceso y el tr\u00e1fico en el \u00c1rea p\u00fablica del Sitio, y creamos informes de navegaci\u00f3n de usuarios para nuestros administradores del Sitio.<br \/>\nLos datos recopilados solo se utilizar\u00e1n seg\u00fan sea necesario para resolver problemas t\u00e9cnicos, administrar el Sitio e identificar las preferencias de los visitantes; pero en este caso, los datos estar\u00e1n en forma no identificable. No utilizamos ninguna de esta informaci\u00f3n para identificar a los Visitantes o Usuarios.<\/p>\n","protected":false},"excerpt":{"rendered":"<p>Como la protecci\u00f3n de sus datos es una cuesti\u00f3n de gran importancia para nosotros, queremos tomarnos el tiempo para informarle sobre qu\u00e9 datos utilizamos durante su visita y por qu\u00e9 [&hellip;]<\/p>\n","protected":false},"author":1,"featured_media":0,"parent":0,"menu_order":0,"comment_status":"closed","ping_status":"closed","template":"page-legal.php","meta":{"_acf_changed":false,"content-type":"","footnotes":""},"class_list":["post-11744","page","type-page","status-publish","hentry"],"acf":[],"yoast_head":"<!-- This site is optimized with the Yoast SEO plugin v26.8 - https:\/\/yoast.com\/product\/yoast-seo-wordpress\/ -->\n<title>Pol\u00edtica de Privacidad | PAL Robotics<\/title>\n<meta name=\"description\" content=\"C\u00f3mo protegemos y gestionamos tus datos personales con Pol\u00edtica de Privacidad. Aprende c\u00f3mo usamos tu informaci\u00f3n y c\u00f3mo darte de baja.\" \/>\n<meta name=\"robots\" content=\"index, follow, max-snippet:-1, max-image-preview:large, max-video-preview:-1\" \/>\n<link rel=\"canonical\" href=\"https:\/\/pal-robotics.com\/es\/politica-privacidad\/\" \/>\n<meta property=\"og:locale\" content=\"es_ES\" \/>\n<meta property=\"og:type\" content=\"article\" \/>\n<meta property=\"og:title\" content=\"Pol\u00edtica de Privacidad | PAL Robotics\" \/>\n<meta property=\"og:description\" content=\"C\u00f3mo protegemos y gestionamos tus datos personales con Pol\u00edtica de Privacidad. Aprende c\u00f3mo usamos tu informaci\u00f3n y c\u00f3mo darte de baja.\" \/>\n<meta property=\"og:url\" content=\"https:\/\/pal-robotics.com\/es\/politica-privacidad\/\" \/>\n<meta property=\"og:site_name\" content=\"PAL Robotics: Leading company in service robotics\" \/>\n<meta property=\"article:publisher\" content=\"https:\/\/www.facebook.com\/palrobotics\" \/>\n<meta property=\"article:modified_time\" content=\"2025-09-25T09:35:02+00:00\" \/>\n<meta name=\"twitter:card\" content=\"summary_large_image\" \/>\n<meta name=\"twitter:site\" content=\"@PALRobotics\" \/>\n<meta name=\"twitter:label1\" content=\"Tiempo de lectura\" \/>\n\t<meta name=\"twitter:data1\" content=\"3 minutos\" \/>\n<script type=\"application\/ld+json\" class=\"yoast-schema-graph\">{\"@context\":\"https:\/\/schema.org\",\"@graph\":[{\"@type\":\"WebPage\",\"@id\":\"https:\/\/pal-robotics.com\/es\/politica-privacidad\/\",\"url\":\"https:\/\/pal-robotics.com\/es\/politica-privacidad\/\",\"name\":\"Pol\u00edtica de Privacidad | PAL Robotics\",\"isPartOf\":{\"@id\":\"https:\/\/pal-robotics.com\/es\/#website\"},\"datePublished\":\"2024-02-23T13:05:57+00:00\",\"dateModified\":\"2025-09-25T09:35:02+00:00\",\"description\":\"C\u00f3mo protegemos y gestionamos tus datos personales con Pol\u00edtica de Privacidad. Aprende c\u00f3mo usamos tu informaci\u00f3n y c\u00f3mo darte de baja.\",\"breadcrumb\":{\"@id\":\"https:\/\/pal-robotics.com\/es\/politica-privacidad\/#breadcrumb\"},\"inLanguage\":\"es\",\"potentialAction\":[{\"@type\":\"ReadAction\",\"target\":[\"https:\/\/pal-robotics.com\/es\/politica-privacidad\/\"]}]},{\"@type\":\"BreadcrumbList\",\"@id\":\"https:\/\/pal-robotics.com\/es\/politica-privacidad\/#breadcrumb\",\"itemListElement\":[{\"@type\":\"ListItem\",\"position\":1,\"name\":\"Portada\",\"item\":\"https:\/\/pal-robotics.com\/es\/\"},{\"@type\":\"ListItem\",\"position\":2,\"name\":\"Pol\u00edtica de Privacidad\"}]},{\"@type\":\"WebSite\",\"@id\":\"https:\/\/pal-robotics.com\/es\/#website\",\"url\":\"https:\/\/pal-robotics.com\/es\/\",\"name\":\"PAL Robotics: Leading company in service robotics\",\"description\":\"Leading company in service robotics\",\"publisher\":{\"@id\":\"https:\/\/pal-robotics.com\/es\/#organization\"},\"potentialAction\":[{\"@type\":\"SearchAction\",\"target\":{\"@type\":\"EntryPoint\",\"urlTemplate\":\"https:\/\/pal-robotics.com\/es\/?s={search_term_string}\"},\"query-input\":{\"@type\":\"PropertyValueSpecification\",\"valueRequired\":true,\"valueName\":\"search_term_string\"}}],\"inLanguage\":\"es\"},{\"@type\":\"Organization\",\"@id\":\"https:\/\/pal-robotics.com\/es\/#organization\",\"name\":\"PAL Robotics: Leading company in service robotics\",\"url\":\"https:\/\/pal-robotics.com\/es\/\",\"logo\":{\"@type\":\"ImageObject\",\"inLanguage\":\"es\",\"@id\":\"https:\/\/pal-robotics.com\/es\/#\/schema\/logo\/image\/\",\"url\":\"https:\/\/pal-robotics.com\/wp-content\/uploads\/2024\/02\/siganture_no-margins.png\",\"contentUrl\":\"https:\/\/pal-robotics.com\/wp-content\/uploads\/2024\/02\/siganture_no-margins.png\",\"width\":219,\"height\":59,\"caption\":\"PAL Robotics: Leading company in service robotics\"},\"image\":{\"@id\":\"https:\/\/pal-robotics.com\/es\/#\/schema\/logo\/image\/\"},\"sameAs\":[\"https:\/\/www.facebook.com\/palrobotics\",\"https:\/\/x.com\/PALRobotics\"]}]}<\/script>\n<!-- \/ Yoast SEO plugin. -->","yoast_head_json":{"title":"Pol\u00edtica de Privacidad | PAL Robotics","description":"C\u00f3mo protegemos y gestionamos tus datos personales con Pol\u00edtica de Privacidad. Aprende c\u00f3mo usamos tu informaci\u00f3n y c\u00f3mo darte de baja.","robots":{"index":"index","follow":"follow","max-snippet":"max-snippet:-1","max-image-preview":"max-image-preview:large","max-video-preview":"max-video-preview:-1"},"canonical":"https:\/\/pal-robotics.com\/es\/politica-privacidad\/","og_locale":"es_ES","og_type":"article","og_title":"Pol\u00edtica de Privacidad | PAL Robotics","og_description":"C\u00f3mo protegemos y gestionamos tus datos personales con Pol\u00edtica de Privacidad. Aprende c\u00f3mo usamos tu informaci\u00f3n y c\u00f3mo darte de baja.","og_url":"https:\/\/pal-robotics.com\/es\/politica-privacidad\/","og_site_name":"PAL Robotics: Leading company in service robotics","article_publisher":"https:\/\/www.facebook.com\/palrobotics","article_modified_time":"2025-09-25T09:35:02+00:00","twitter_card":"summary_large_image","twitter_site":"@PALRobotics","twitter_misc":{"Tiempo de lectura":"3 minutos"},"schema":{"@context":"https:\/\/schema.org","@graph":[{"@type":"WebPage","@id":"https:\/\/pal-robotics.com\/es\/politica-privacidad\/","url":"https:\/\/pal-robotics.com\/es\/politica-privacidad\/","name":"Pol\u00edtica de Privacidad | PAL Robotics","isPartOf":{"@id":"https:\/\/pal-robotics.com\/es\/#website"},"datePublished":"2024-02-23T13:05:57+00:00","dateModified":"2025-09-25T09:35:02+00:00","description":"C\u00f3mo protegemos y gestionamos tus datos personales con Pol\u00edtica de Privacidad. Aprende c\u00f3mo usamos tu informaci\u00f3n y c\u00f3mo darte de baja.","breadcrumb":{"@id":"https:\/\/pal-robotics.com\/es\/politica-privacidad\/#breadcrumb"},"inLanguage":"es","potentialAction":[{"@type":"ReadAction","target":["https:\/\/pal-robotics.com\/es\/politica-privacidad\/"]}]},{"@type":"BreadcrumbList","@id":"https:\/\/pal-robotics.com\/es\/politica-privacidad\/#breadcrumb","itemListElement":[{"@type":"ListItem","position":1,"name":"Portada","item":"https:\/\/pal-robotics.com\/es\/"},{"@type":"ListItem","position":2,"name":"Pol\u00edtica de Privacidad"}]},{"@type":"WebSite","@id":"https:\/\/pal-robotics.com\/es\/#website","url":"https:\/\/pal-robotics.com\/es\/","name":"PAL Robotics: Leading company in service robotics","description":"Leading company in service robotics","publisher":{"@id":"https:\/\/pal-robotics.com\/es\/#organization"},"potentialAction":[{"@type":"SearchAction","target":{"@type":"EntryPoint","urlTemplate":"https:\/\/pal-robotics.com\/es\/?s={search_term_string}"},"query-input":{"@type":"PropertyValueSpecification","valueRequired":true,"valueName":"search_term_string"}}],"inLanguage":"es"},{"@type":"Organization","@id":"https:\/\/pal-robotics.com\/es\/#organization","name":"PAL Robotics: Leading company in service robotics","url":"https:\/\/pal-robotics.com\/es\/","logo":{"@type":"ImageObject","inLanguage":"es","@id":"https:\/\/pal-robotics.com\/es\/#\/schema\/logo\/image\/","url":"https:\/\/pal-robotics.com\/wp-content\/uploads\/2024\/02\/siganture_no-margins.png","contentUrl":"https:\/\/pal-robotics.com\/wp-content\/uploads\/2024\/02\/siganture_no-margins.png","width":219,"height":59,"caption":"PAL Robotics: Leading company in service robotics"},"image":{"@id":"https:\/\/pal-robotics.com\/es\/#\/schema\/logo\/image\/"},"sameAs":["https:\/\/www.facebook.com\/palrobotics","https:\/\/x.com\/PALRobotics"]}]}},"_links":{"self":[{"href":"https:\/\/pal-robotics.com\/es\/wp-json\/wp\/v2\/pages\/11744","targetHints":{"allow":["GET"]}}],"collection":[{"href":"https:\/\/pal-robotics.com\/es\/wp-json\/wp\/v2\/pages"}],"about":[{"href":"https:\/\/pal-robotics.com\/es\/wp-json\/wp\/v2\/types\/page"}],"author":[{"embeddable":true,"href":"https:\/\/pal-robotics.com\/es\/wp-json\/wp\/v2\/users\/1"}],"replies":[{"embeddable":true,"href":"https:\/\/pal-robotics.com\/es\/wp-json\/wp\/v2\/comments?post=11744"}],"version-history":[{"count":4,"href":"https:\/\/pal-robotics.com\/es\/wp-json\/wp\/v2\/pages\/11744\/revisions"}],"predecessor-version":[{"id":15842,"href":"https:\/\/pal-robotics.com\/es\/wp-json\/wp\/v2\/pages\/11744\/revisions\/15842"}],"wp:attachment":[{"href":"https:\/\/pal-robotics.com\/es\/wp-json\/wp\/v2\/media?parent=11744"}],"curies":[{"name":"wp","href":"https:\/\/api.w.org\/{rel}","templated":true}]}}